{"id":40,"date":"2025-03-05T09:29:07","date_gmt":"2025-03-05T08:29:07","guid":{"rendered":"https:\/\/dititi.fr\/?page_id=40"},"modified":"2025-12-04T08:18:37","modified_gmt":"2025-12-04T07:18:37","slug":"quelle-variete-pour-se-regaler-aujourdhui","status":"publish","type":"page","link":"https:\/\/dititi.fr\/index.php\/quelle-variete-pour-se-regaler-aujourdhui\/","title":{"rendered":"Quelle vari\u00e9t\u00e9 pour se r\u00e9galer aujourd&#8217;hui?"},"content":{"rendered":"\t\t<div data-elementor-type=\"wp-post\" data-elementor-id=\"40\" class=\"elementor elementor-40\">\n\t\t\t\t<div class=\"elementor-element elementor-element-5cefb85 e-flex e-con-boxed e-con e-parent\" data-id=\"5cefb85\" data-element_type=\"container\">\n\t\t\t\t\t<div class=\"e-con-inner\">\n\t\t\t\t<div class=\"elementor-element elementor-element-3642eae hfe-search-layout-text elementor-widget elementor-widget-hfe-search-button\" data-id=\"3642eae\" data-element_type=\"widget\" data-settings=\"{&quot;size&quot;:{&quot;unit&quot;:&quot;px&quot;,&quot;size&quot;:50,&quot;sizes&quot;:[]},&quot;size_tablet&quot;:{&quot;unit&quot;:&quot;px&quot;,&quot;size&quot;:&quot;&quot;,&quot;sizes&quot;:[]},&quot;size_mobile&quot;:{&quot;unit&quot;:&quot;px&quot;,&quot;size&quot;:&quot;&quot;,&quot;sizes&quot;:[]},&quot;close_icon_size&quot;:{&quot;unit&quot;:&quot;px&quot;,&quot;size&quot;:&quot;20&quot;,&quot;sizes&quot;:[]},&quot;close_icon_size_tablet&quot;:{&quot;unit&quot;:&quot;px&quot;,&quot;size&quot;:&quot;&quot;,&quot;sizes&quot;:[]},&quot;close_icon_size_mobile&quot;:{&quot;unit&quot;:&quot;px&quot;,&quot;size&quot;:&quot;&quot;,&quot;sizes&quot;:[]}}\" data-widget_type=\"hfe-search-button.default\">\n\t\t\t\t<div class=\"elementor-widget-container\">\n\t\t\t\t\t\t\t<form class=\"hfe-search-button-wrapper\" role=\"search\" action=\"https:\/\/dititi.fr\/\" method=\"get\">\n\n\t\t\t\t\t\t<div class=\"hfe-search-form__container\" role=\"tablist\">\n\t\t\t\t\t\t\t\t\t<input placeholder=\"Saisissez et appuyez sur \u00ab\u00a0Entr\u00e9e\u00a0\u00bb...\" class=\"hfe-search-form__input\" type=\"search\" name=\"s\" title=\"Search\" value=\"\">\n\t\t\t\t\t\t<button id=\"clear\" type=\"reset\">\n\t\t\t\t\t\t\t<i class=\"fas fa-times clearable__clear\" aria-hidden=\"true\"><\/i>\n\t\t\t\t\t\t<\/button>\n\t\t\t\t\t\t\t<\/div>\n\t\t\t\t<\/form>\n\t\t\t\t\t\t<\/div>\n\t\t\t\t<\/div>\n\t\t\t\t\t<\/div>\n\t\t\t\t<\/div>\n\t\t<div class=\"elementor-element elementor-element-0e67a64 e-flex e-con-boxed e-con e-parent\" data-id=\"0e67a64\" data-element_type=\"container\">\n\t\t\t\t\t<div class=\"e-con-inner\">\n\t\t<div class=\"elementor-element elementor-element-e7af844 e-con-full e-flex e-con e-child\" data-id=\"e7af844\" data-element_type=\"container\">\n\t\t\t\t<div class=\"elementor-element elementor-element-12b73c3 elementor-widget elementor-widget-wp-widget-recent-posts\" data-id=\"12b73c3\" data-element_type=\"widget\" data-widget_type=\"wp-widget-recent-posts.default\">\n\t\t\t\t<div class=\"elementor-widget-container\">\n\t\t\t\t\t\n\t\t\n\t\t<h5>Recent Posts<\/h5>\n\t\t<ul>\n\t\t\t\t\t\t\t\t\t\t\t<li>\n\t\t\t\t\t<a href=\"https:\/\/dititi.fr\/index.php\/2025\/12\/03\/decembre-2025\/\">D\u00e9cembre 2025<\/a>\n\t\t\t\t\t\t\t\t\t\t\t<span class=\"post-date\">3 December 2025<\/span>\n\t\t\t\t\t\t\t\t\t<\/li>\n\t\t\t\t\t\t\t\t\t\t\t<li>\n\t\t\t\t\t<a href=\"https:\/\/dititi.fr\/index.php\/2025\/03\/05\/elementor-24\/\">Mars-Avril 2025<\/a>\n\t\t\t\t\t\t\t\t\t\t\t<span class=\"post-date\">5 March 2025<\/span>\n\t\t\t\t\t\t\t\t\t<\/li>\n\t\t\t\t\t\t\t\t\t\t\t<li>\n\t\t\t\t\t<a href=\"https:\/\/dititi.fr\/index.php\/2025\/03\/03\/bonjour-tout-le-monde\/\">Bonjour tout le monde\u00a0!<\/a>\n\t\t\t\t\t\t\t\t\t\t\t<span class=\"post-date\">3 March 2025<\/span>\n\t\t\t\t\t\t\t\t\t<\/li>\n\t\t\t\t\t<\/ul>\n\n\t\t\t\t\t\t<\/div>\n\t\t\t\t<\/div>\n\t\t\t\t<\/div>\n\t\t<div class=\"elementor-element elementor-element-5c7cf96 e-con-full e-flex e-con e-child\" data-id=\"5c7cf96\" data-element_type=\"container\">\n\t\t\t\t<div class=\"elementor-element elementor-element-9f929dc elementor-widget elementor-widget-heading\" data-id=\"9f929dc\" data-element_type=\"widget\" data-widget_type=\"heading.default\">\n\t\t\t\t<div class=\"elementor-widget-container\">\n\t\t\t\t\t<h6 class=\"elementor-heading-title elementor-size-default\">Mars 2025<\/h6>\t\t\t\t<\/div>\n\t\t\t\t<\/div>\n\t\t\t\t<div class=\"elementor-element elementor-element-4385c85 elementor-widget elementor-widget-text-editor\" data-id=\"4385c85\" data-element_type=\"widget\" data-widget_type=\"text-editor.default\">\n\t\t\t\t<div class=\"elementor-widget-container\">\n\t\t\t\t\t\t\t\t\t<table width=\"796\"><tbody><tr><td width=\"270\"><strong>Type de fruits &amp; l\u00e9gumes<\/strong><\/td><td width=\"101\">\u00a0<\/td><td width=\"125\"><strong>Vari\u00e9t\u00e9 du moment<\/strong><\/td><td width=\"163\"><strong>Commentaire<\/strong><\/td><td width=\"137\"><strong>O\u00f9 on les trouve<\/strong><\/td><\/tr><tr><td>Agrumes<\/td><td>Oranges<\/td><td>Taroco<\/td><td>Super juteuses et fruit\u00e9es<\/td><td>Grand frais<\/td><\/tr><tr><td>\u00a0<\/td><td>Cl\u00e9mentines<\/td><td>\u00a0<\/td><td>\u00a0<\/td><td>\u00a0<\/td><\/tr><tr><td>Pommes, poires<\/td><td>Pommes<\/td><td>\u00a0<\/td><td>\u00a0<\/td><td>\u00a0<\/td><\/tr><tr><td>\u00a0<\/td><td>Poires<\/td><td>\u00a0<\/td><td>\u00a0<\/td><td>\u00a0<\/td><\/tr><tr><td>Fruits rouges<\/td><td>Fraises<\/td><td>\u00a0<\/td><td>\u00a0<\/td><td>\u00a0<\/td><\/tr><tr><td>\u00a0<\/td><td>\u00a0<\/td><td>\u00a0<\/td><td>\u00a0<\/td><td>\u00a0<\/td><\/tr><tr><td>Raisins<\/td><td>\u00a0<\/td><td>\u00a0<\/td><td>\u00a0<\/td><td>\u00a0<\/td><\/tr><tr><td>\u00a0<\/td><td>\u00a0<\/td><td>\u00a0<\/td><td>\u00a0<\/td><td>\u00a0<\/td><\/tr><tr><td>Bananes, Kiwi, fruits exotiques<\/td><td>\u00a0<\/td><td>\u00a0<\/td><td>\u00a0<\/td><td>\u00a0<\/td><\/tr><tr><td>\u00a0<\/td><td>\u00a0<\/td><td>\u00a0<\/td><td>\u00a0<\/td><td>\u00a0<\/td><\/tr><tr><td>\u00a0<\/td><td>\u00a0<\/td><td>\u00a0<\/td><td>\u00a0<\/td><td>\u00a0<\/td><\/tr><tr><td>\u00a0<\/td><td>\u00a0<\/td><td>\u00a0<\/td><td>\u00a0<\/td><td>\u00a0<\/td><\/tr><\/tbody><\/table>\t\t\t\t\t\t\t\t<\/div>\n\t\t\t\t<\/div>\n\t\t\t\t<\/div>\n\t\t\t\t\t<\/div>\n\t\t\t\t<\/div>\n\t\t\t\t<\/div>\n\t\t","protected":false},"excerpt":{"rendered":"<p>Mars 2025 Type de fruits &amp; l\u00e9gumes \u00a0 Vari\u00e9t\u00e9 du moment Commentaire O\u00f9 on les trouve Agrumes Oranges Taroco Super juteuses et fruit\u00e9es Grand frais \u00a0 Cl\u00e9mentines \u00a0 \u00a0 \u00a0 Pommes, poires Pommes \u00a0 \u00a0 &hellip; <\/p>\n","protected":false},"author":1,"featured_media":0,"parent":0,"menu_order":0,"comment_status":"closed","ping_status":"closed","template":"","meta":{"footnotes":""},"class_list":["post-40","page","type-page","status-publish","hentry"],"_links":{"self":[{"href":"https:\/\/dititi.fr\/index.php\/wp-json\/wp\/v2\/pages\/40","targetHints":{"allow":["GET"]}}],"collection":[{"href":"https:\/\/dititi.fr\/index.php\/wp-json\/wp\/v2\/pages"}],"about":[{"href":"https:\/\/dititi.fr\/index.php\/wp-json\/wp\/v2\/types\/page"}],"author":[{"embeddable":true,"href":"https:\/\/dititi.fr\/index.php\/wp-json\/wp\/v2\/users\/1"}],"replies":[{"embeddable":true,"href":"https:\/\/dititi.fr\/index.php\/wp-json\/wp\/v2\/comments?post=40"}],"version-history":[{"count":11,"href":"https:\/\/dititi.fr\/index.php\/wp-json\/wp\/v2\/pages\/40\/revisions"}],"predecessor-version":[{"id":127,"href":"https:\/\/dititi.fr\/index.php\/wp-json\/wp\/v2\/pages\/40\/revisions\/127"}],"wp:attachment":[{"href":"https:\/\/dititi.fr\/index.php\/wp-json\/wp\/v2\/media?parent=40"}],"curies":[{"name":"wp","href":"https:\/\/api.w.org\/{rel}","templated":true}]}}